{"id":2,"date":"2026-04-08T17:48:20","date_gmt":"2026-04-08T17:48:20","guid":{"rendered":"http:\/\/157.230.31.65\/?page_id=2"},"modified":"2026-04-08T18:53:38","modified_gmt":"2026-04-08T18:53:38","slug":"sample-page","status":"publish","type":"page","link":"https:\/\/oikosdemo.aleksirasanen.xyz\/index.php\/sample-page\/","title":{"rendered":"Mik\u00e4 ihmeen Oikos?"},"content":{"rendered":"\n<h2 class=\"wp-block-heading\">Historiaa<\/h2>\n\n\n\n<p><\/p>\n\n\n\n<p><br>Oikos on Seitsem\u00e4nnen p\u00e4iv\u00e4n adventtikirkkoon kuuluva kotikirkko Vantaan Hiekkaharjussa. T\u00e4h\u00e4n tulisi sitten enemm\u00e4n ja v\u00e4hemm\u00e4n teksti\u00e4 meid\u00e4n historiasta, missiostamme ja muusta sellaisesta. <br><br>Nunc varius vehicula feugiat. Sed tristique odio sit amet vehicula gravida. Nam vel eros eget dui ultricies mollis. Interdum et malesuada fames ac ante ipsum primis in faucibus. Nulla volutpat ultricies diam ac scelerisque. Nulla feugiat erat eu lacus suscipit, eget cursus lectus consequat. Donec malesuada lorem eget nisi volutpat, non sodales felis dignissim. Phasellus vestibulum ante vel turpis suscipit, at faucibus dui accumsan. Cras eget purus dui. Nullam vitae justo porttitor, dictum tellus sit amet, dapibus metus. In justo erat, commodo sit amet lorem vitae, molestie tristique dolor. Praesent placerat mollis erat, sed finibus felis feugiat ac. Donec condimentum dapibus diam id imperdiet. Fusce ac congue sapien. Vestibulum ante ipsum primis in faucibus orci luctus et ultrices posuere cubilia curae; Phasellus porttitor faucibus lobortis.<\/p>\n\n\n\n<p><\/p>\n\n\n\n<h2 class=\"wp-block-heading\">Visio<\/h2>\n\n\n\n<p><\/p>\n\n\n\n<p><br>Lorem ipsum dolor sit amet, consectetur adipiscing elit. Duis et pretium elit, id tempor mi. Donec placerat ligula non leo fermentum sodales. Donec porttitor leo quam, et congue libero interdum eget. Aenean facilisis, ante ac pulvinar tempor, nisi purus commodo turpis, eu molestie turpis sem quis purus. Donec mattis egestas enim, ac vulputate nulla semper id. Aliquam ullamcorper tortor mi, nec mollis diam tempus tempus. Curabitur vel leo ante. Nunc id est nec libero cursus volutpat ac nec metus. Quisque mattis ornare nisi nec eleifend. Aliquam egestas risus nec est semper, sed ullamcorper odio ornare. Praesent vel magna leo.<br><br>In eleifend a tortor eget finibus. Cras cursus risus eros, eleifend pretium enim euismod id. Vivamus id erat venenatis risus sollicitudin placerat tempus vitae ipsum. Curabitur aliquam ligula nec ex accumsan porttitor. Vivamus ornare mollis elit non lobortis. Praesent in sem eu nisl ullamcorper suscipit. Nunc varius leo eget vulputate consectetur. Nam cursus scelerisque metus sed condimentum. Suspendisse a tempor ipsum.<\/p>\n","protected":false},"excerpt":{"rendered":"<p>Historiaa Oikos on Seitsem\u00e4nnen p\u00e4iv\u00e4n adventtikirkkoon kuuluva kotikirkko Vantaan Hiekkaharjussa. T\u00e4h\u00e4n tulisi sitten enemm\u00e4n ja v\u00e4hemm\u00e4n teksti\u00e4 meid\u00e4n historiasta, missiostamme ja muusta sellaisesta. Nunc varius vehicula feugiat. Sed tristique odio sit amet vehicula gravida. Nam vel eros eget dui ultricies mollis. Interdum et malesuada fames ac ante ipsum primis in faucibus. Nulla volutpat ultricies diam [&hellip;]<\/p>\n","protected":false},"author":1,"featured_media":0,"parent":0,"menu_order":0,"comment_status":"closed","ping_status":"open","template":"","meta":{"footnotes":""},"class_list":["post-2","page","type-page","status-publish","hentry"],"_links":{"self":[{"href":"https:\/\/oikosdemo.aleksirasanen.xyz\/index.php\/wp-json\/wp\/v2\/pages\/2","targetHints":{"allow":["GET"]}}],"collection":[{"href":"https:\/\/oikosdemo.aleksirasanen.xyz\/index.php\/wp-json\/wp\/v2\/pages"}],"about":[{"href":"https:\/\/oikosdemo.aleksirasanen.xyz\/index.php\/wp-json\/wp\/v2\/types\/page"}],"author":[{"embeddable":true,"href":"https:\/\/oikosdemo.aleksirasanen.xyz\/index.php\/wp-json\/wp\/v2\/users\/1"}],"replies":[{"embeddable":true,"href":"https:\/\/oikosdemo.aleksirasanen.xyz\/index.php\/wp-json\/wp\/v2\/comments?post=2"}],"version-history":[{"count":10,"href":"https:\/\/oikosdemo.aleksirasanen.xyz\/index.php\/wp-json\/wp\/v2\/pages\/2\/revisions"}],"predecessor-version":[{"id":71,"href":"https:\/\/oikosdemo.aleksirasanen.xyz\/index.php\/wp-json\/wp\/v2\/pages\/2\/revisions\/71"}],"wp:attachment":[{"href":"https:\/\/oikosdemo.aleksirasanen.xyz\/index.php\/wp-json\/wp\/v2\/media?parent=2"}],"curies":[{"name":"wp","href":"https:\/\/api.w.org\/{rel}","templated":true}]}}