{"id":22,"date":"2026-04-08T18:44:27","date_gmt":"2026-04-08T18:44:27","guid":{"rendered":"http:\/\/157.230.31.65\/?page_id=22"},"modified":"2026-04-09T09:35:29","modified_gmt":"2026-04-09T09:35:29","slug":"kuvia-2026","status":"publish","type":"page","link":"https:\/\/oikosdemo.aleksirasanen.xyz\/index.php\/kuvia-2026\/","title":{"rendered":"Kuvia"},"content":{"rendered":"\n<p>Sivulla voisi olla jonkinlaisia kuvagallerioita joissa on kuvia esimerkiksi vuosittain, tai vuosittain ja tapahtumittain, tai pelk\u00e4st\u00e4\u00e4n tapahtumittain. Alla on vain kuvia laitettu t\u00e4ytteeksi eik\u00e4 mitenk\u00e4\u00e4n siististi, mutta antaa ideaa. Oikealla sivulla voisi olla pieni\u00e4 kuvagallerioita vaikkapa &#8220;NAP 2025&#8221;, &#8220;Patikointireissuja&#8221;, &#8220;Jumalanpalveluksia&#8221;, &#8220;Lautapeli-iltamia&#8221;, &#8220;Yhdess\u00e4 leipomista&#8221; tai mit\u00e4 tapahtumia meill\u00e4 onkaan ollut.<br><br>Kuvat voisivat toimia n\u00e4ytt\u00e4m\u00e4\u00e4n millaista meid\u00e4n toiminta on joka saattaa innostaa joitain tulemaan paikan p\u00e4\u00e4lle.<br><br><\/p>\n\n\n\n<p><\/p>\n\n\n\n<div class=\"wp-block-group has-global-padding is-layout-constrained wp-block-group-is-layout-constrained\">\n<figure class=\"wp-block-gallery has-nested-images columns-default is-cropped wp-block-gallery-1 is-layout-flex wp-block-gallery-is-layout-flex\">\n<figure class=\"wp-block-image size-large\"><img loading=\"lazy\" decoding=\"async\" width=\"1024\" height=\"683\" data-id=\"24\" src=\"http:\/\/oikosdemo.aleksirasanen.xyz\/wp-content\/uploads\/2026\/04\/DSCF6975-1024x683.jpg\" alt=\"\" class=\"wp-image-24\" srcset=\"https:\/\/oikosdemo.aleksirasanen.xyz\/wp-content\/uploads\/2026\/04\/DSCF6975-1024x683.jpg 1024w, https:\/\/oikosdemo.aleksirasanen.xyz\/wp-content\/uploads\/2026\/04\/DSCF6975-300x200.jpg 300w, https:\/\/oikosdemo.aleksirasanen.xyz\/wp-content\/uploads\/2026\/04\/DSCF6975-768x512.jpg 768w, https:\/\/oikosdemo.aleksirasanen.xyz\/wp-content\/uploads\/2026\/04\/DSCF6975-1536x1024.jpg 1536w, https:\/\/oikosdemo.aleksirasanen.xyz\/wp-content\/uploads\/2026\/04\/DSCF6975-2048x1365.jpg 2048w\" sizes=\"auto, (max-width: 1024px) 100vw, 1024px\" \/><\/figure>\n\n\n\n<figure class=\"wp-block-image size-large\"><img loading=\"lazy\" decoding=\"async\" width=\"1024\" height=\"683\" data-id=\"23\" src=\"http:\/\/oikosdemo.aleksirasanen.xyz\/wp-content\/uploads\/2026\/04\/DSCF6956-1024x683.jpg\" alt=\"\" class=\"wp-image-23\" srcset=\"https:\/\/oikosdemo.aleksirasanen.xyz\/wp-content\/uploads\/2026\/04\/DSCF6956-1024x683.jpg 1024w, https:\/\/oikosdemo.aleksirasanen.xyz\/wp-content\/uploads\/2026\/04\/DSCF6956-300x200.jpg 300w, https:\/\/oikosdemo.aleksirasanen.xyz\/wp-content\/uploads\/2026\/04\/DSCF6956-768x512.jpg 768w, https:\/\/oikosdemo.aleksirasanen.xyz\/wp-content\/uploads\/2026\/04\/DSCF6956-1536x1024.jpg 1536w, https:\/\/oikosdemo.aleksirasanen.xyz\/wp-content\/uploads\/2026\/04\/DSCF6956-2048x1365.jpg 2048w\" sizes=\"auto, (max-width: 1024px) 100vw, 1024px\" \/><\/figure>\n<\/figure>\n<\/div>\n\n\n\n<p><\/p>\n\n\n\n<h2 class=\"wp-block-heading\">Kuvia 2025<\/h2>\n\n\n\n<p><\/p>\n\n\n\n<div class=\"wp-block-columns is-layout-flex wp-container-core-columns-is-layout-28f84493 wp-block-columns-is-layout-flex\">\n<div class=\"wp-block-column is-layout-flow wp-block-column-is-layout-flow\" style=\"flex-basis:100%\">\n<figure class=\"wp-block-gallery has-nested-images columns-default is-cropped wp-block-gallery-2 is-layout-flex wp-block-gallery-is-layout-flex\">\n<figure class=\"wp-block-image size-large\"><img loading=\"lazy\" decoding=\"async\" width=\"1024\" height=\"683\" data-id=\"25\" src=\"http:\/\/oikosdemo.aleksirasanen.xyz\/wp-content\/uploads\/2026\/04\/IMG_9147-1024x683.jpg\" alt=\"\" class=\"wp-image-25\" srcset=\"https:\/\/oikosdemo.aleksirasanen.xyz\/wp-content\/uploads\/2026\/04\/IMG_9147-1024x683.jpg 1024w, https:\/\/oikosdemo.aleksirasanen.xyz\/wp-content\/uploads\/2026\/04\/IMG_9147-300x200.jpg 300w, https:\/\/oikosdemo.aleksirasanen.xyz\/wp-content\/uploads\/2026\/04\/IMG_9147-768x512.jpg 768w, https:\/\/oikosdemo.aleksirasanen.xyz\/wp-content\/uploads\/2026\/04\/IMG_9147-1536x1024.jpg 1536w, https:\/\/oikosdemo.aleksirasanen.xyz\/wp-content\/uploads\/2026\/04\/IMG_9147-2048x1365.jpg 2048w\" sizes=\"auto, (max-width: 1024px) 100vw, 1024px\" \/><\/figure>\n<\/figure>\n<\/div>\n<\/div>\n\n\n\n<figure class=\"wp-block-image size-large\"><img loading=\"lazy\" decoding=\"async\" width=\"1024\" height=\"683\" src=\"http:\/\/oikosdemo.aleksirasanen.xyz\/wp-content\/uploads\/2026\/04\/IMG_9118-1024x683.jpg\" alt=\"\" class=\"wp-image-26\" srcset=\"https:\/\/oikosdemo.aleksirasanen.xyz\/wp-content\/uploads\/2026\/04\/IMG_9118-1024x683.jpg 1024w, https:\/\/oikosdemo.aleksirasanen.xyz\/wp-content\/uploads\/2026\/04\/IMG_9118-300x200.jpg 300w, https:\/\/oikosdemo.aleksirasanen.xyz\/wp-content\/uploads\/2026\/04\/IMG_9118-768x512.jpg 768w, https:\/\/oikosdemo.aleksirasanen.xyz\/wp-content\/uploads\/2026\/04\/IMG_9118-1536x1024.jpg 1536w, https:\/\/oikosdemo.aleksirasanen.xyz\/wp-content\/uploads\/2026\/04\/IMG_9118-2048x1365.jpg 2048w\" sizes=\"auto, (max-width: 1024px) 100vw, 1024px\" \/><\/figure>\n\n\n\n<figure class=\"wp-block-image size-large\"><img loading=\"lazy\" decoding=\"async\" width=\"1024\" height=\"683\" src=\"http:\/\/oikosdemo.aleksirasanen.xyz\/wp-content\/uploads\/2026\/04\/IMG_9100-1024x683.jpg\" alt=\"\" class=\"wp-image-27\" srcset=\"https:\/\/oikosdemo.aleksirasanen.xyz\/wp-content\/uploads\/2026\/04\/IMG_9100-1024x683.jpg 1024w, https:\/\/oikosdemo.aleksirasanen.xyz\/wp-content\/uploads\/2026\/04\/IMG_9100-300x200.jpg 300w, https:\/\/oikosdemo.aleksirasanen.xyz\/wp-content\/uploads\/2026\/04\/IMG_9100-768x512.jpg 768w, https:\/\/oikosdemo.aleksirasanen.xyz\/wp-content\/uploads\/2026\/04\/IMG_9100-1536x1024.jpg 1536w, https:\/\/oikosdemo.aleksirasanen.xyz\/wp-content\/uploads\/2026\/04\/IMG_9100-2048x1365.jpg 2048w\" sizes=\"auto, (max-width: 1024px) 100vw, 1024px\" \/><\/figure>\n\n\n\n<p><\/p>\n\n\n\n<h2 class=\"wp-block-heading\">Kuvia 2024<\/h2>\n\n\n\n<figure class=\"wp-block-image size-large\"><img loading=\"lazy\" decoding=\"async\" width=\"1024\" height=\"683\" src=\"http:\/\/oikosdemo.aleksirasanen.xyz\/wp-content\/uploads\/2026\/04\/IMG_2083-1024x683.jpg\" alt=\"\" class=\"wp-image-28\" srcset=\"https:\/\/oikosdemo.aleksirasanen.xyz\/wp-content\/uploads\/2026\/04\/IMG_2083-1024x683.jpg 1024w, https:\/\/oikosdemo.aleksirasanen.xyz\/wp-content\/uploads\/2026\/04\/IMG_2083-300x200.jpg 300w, https:\/\/oikosdemo.aleksirasanen.xyz\/wp-content\/uploads\/2026\/04\/IMG_2083-768x512.jpg 768w, https:\/\/oikosdemo.aleksirasanen.xyz\/wp-content\/uploads\/2026\/04\/IMG_2083-1536x1024.jpg 1536w, https:\/\/oikosdemo.aleksirasanen.xyz\/wp-content\/uploads\/2026\/04\/IMG_2083-2048x1365.jpg 2048w\" sizes=\"auto, (max-width: 1024px) 100vw, 1024px\" \/><\/figure>\n\n\n\n<figure class=\"wp-block-image size-full\"><img loading=\"lazy\" decoding=\"async\" width=\"1707\" height=\"2560\" src=\"http:\/\/oikosdemo.aleksirasanen.xyz\/wp-content\/uploads\/2026\/04\/IMG_2418-scaled.jpg\" alt=\"\" class=\"wp-image-29\"\/><\/figure>\n\n\n\n<figure class=\"wp-block-image size-large\"><img loading=\"lazy\" decoding=\"async\" width=\"1024\" height=\"769\" src=\"http:\/\/oikosdemo.aleksirasanen.xyz\/wp-content\/uploads\/2026\/04\/L1170816-1024x769.jpg\" alt=\"\" class=\"wp-image-31\" srcset=\"https:\/\/oikosdemo.aleksirasanen.xyz\/wp-content\/uploads\/2026\/04\/L1170816-1024x769.jpg 1024w, https:\/\/oikosdemo.aleksirasanen.xyz\/wp-content\/uploads\/2026\/04\/L1170816-300x225.jpg 300w, https:\/\/oikosdemo.aleksirasanen.xyz\/wp-content\/uploads\/2026\/04\/L1170816-768x577.jpg 768w, https:\/\/oikosdemo.aleksirasanen.xyz\/wp-content\/uploads\/2026\/04\/L1170816-1536x1153.jpg 1536w, https:\/\/oikosdemo.aleksirasanen.xyz\/wp-content\/uploads\/2026\/04\/L1170816-2048x1538.jpg 2048w\" sizes=\"auto, (max-width: 1024px) 100vw, 1024px\" \/><\/figure>\n\n\n\n<p><\/p>\n\n\n\n<h2 class=\"wp-block-heading\">Kuvia 2023<\/h2>\n\n\n\n<p><\/p>\n\n\n\n<figure class=\"wp-block-gallery has-nested-images columns-default is-cropped wp-block-gallery-3 is-layout-flex wp-block-gallery-is-layout-flex\">\n<figure class=\"wp-block-image size-large\"><img loading=\"lazy\" decoding=\"async\" width=\"681\" height=\"1024\" data-id=\"32\" src=\"http:\/\/oikosdemo.aleksirasanen.xyz\/wp-content\/uploads\/2026\/04\/DSCF7370-681x1024.jpg\" alt=\"\" class=\"wp-image-32\" srcset=\"https:\/\/oikosdemo.aleksirasanen.xyz\/wp-content\/uploads\/2026\/04\/DSCF7370-681x1024.jpg 681w, https:\/\/oikosdemo.aleksirasanen.xyz\/wp-content\/uploads\/2026\/04\/DSCF7370-199x300.jpg 199w, https:\/\/oikosdemo.aleksirasanen.xyz\/wp-content\/uploads\/2026\/04\/DSCF7370-768x1155.jpg 768w, https:\/\/oikosdemo.aleksirasanen.xyz\/wp-content\/uploads\/2026\/04\/DSCF7370-1021x1536.jpg 1021w, https:\/\/oikosdemo.aleksirasanen.xyz\/wp-content\/uploads\/2026\/04\/DSCF7370-1362x2048.jpg 1362w, https:\/\/oikosdemo.aleksirasanen.xyz\/wp-content\/uploads\/2026\/04\/DSCF7370-scaled.jpg 1702w\" sizes=\"auto, (max-width: 681px) 100vw, 681px\" \/><\/figure>\n<\/figure>\n\n\n\n<figure class=\"wp-block-image size-large\"><img loading=\"lazy\" decoding=\"async\" width=\"1024\" height=\"768\" src=\"http:\/\/oikosdemo.aleksirasanen.xyz\/wp-content\/uploads\/2026\/04\/IMG_2231-1024x768.jpg\" alt=\"\" class=\"wp-image-33\" srcset=\"https:\/\/oikosdemo.aleksirasanen.xyz\/wp-content\/uploads\/2026\/04\/IMG_2231-1024x768.jpg 1024w, https:\/\/oikosdemo.aleksirasanen.xyz\/wp-content\/uploads\/2026\/04\/IMG_2231-300x225.jpg 300w, https:\/\/oikosdemo.aleksirasanen.xyz\/wp-content\/uploads\/2026\/04\/IMG_2231-768x576.jpg 768w, https:\/\/oikosdemo.aleksirasanen.xyz\/wp-content\/uploads\/2026\/04\/IMG_2231-1536x1152.jpg 1536w, https:\/\/oikosdemo.aleksirasanen.xyz\/wp-content\/uploads\/2026\/04\/IMG_2231.jpg 2048w\" sizes=\"auto, (max-width: 1024px) 100vw, 1024px\" \/><\/figure>\n\n\n\n<figure class=\"wp-block-image size-large\"><img loading=\"lazy\" decoding=\"async\" width=\"1024\" height=\"681\" src=\"http:\/\/oikosdemo.aleksirasanen.xyz\/wp-content\/uploads\/2026\/04\/JLFU5701-1024x681.jpg\" alt=\"\" class=\"wp-image-34\" srcset=\"https:\/\/oikosdemo.aleksirasanen.xyz\/wp-content\/uploads\/2026\/04\/JLFU5701-1024x681.jpg 1024w, https:\/\/oikosdemo.aleksirasanen.xyz\/wp-content\/uploads\/2026\/04\/JLFU5701-300x199.jpg 300w, https:\/\/oikosdemo.aleksirasanen.xyz\/wp-content\/uploads\/2026\/04\/JLFU5701-768x511.jpg 768w, https:\/\/oikosdemo.aleksirasanen.xyz\/wp-content\/uploads\/2026\/04\/JLFU5701-1536x1021.jpg 1536w, https:\/\/oikosdemo.aleksirasanen.xyz\/wp-content\/uploads\/2026\/04\/JLFU5701-2048x1362.jpg 2048w\" sizes=\"auto, (max-width: 1024px) 100vw, 1024px\" \/><\/figure>\n\n\n\n<p><\/p>\n\n\n\n<h2 class=\"wp-block-heading\">Kuvia 2022<\/h2>\n\n\n\n<p><\/p>\n\n\n\n<div class=\"wp-block-columns is-layout-flex wp-container-core-columns-is-layout-28f84493 wp-block-columns-is-layout-flex\">\n<div class=\"wp-block-column is-layout-flow wp-block-column-is-layout-flow\" style=\"flex-basis:100%\">\n<figure class=\"wp-block-gallery has-nested-images columns-default is-cropped wp-block-gallery-4 is-layout-flex wp-block-gallery-is-layout-flex\">\n<figure class=\"wp-block-image size-large\"><img loading=\"lazy\" decoding=\"async\" width=\"1024\" height=\"683\" data-id=\"37\" src=\"http:\/\/oikosdemo.aleksirasanen.xyz\/wp-content\/uploads\/2026\/04\/DSC00256-1-1024x683.jpg\" alt=\"\" class=\"wp-image-37\" srcset=\"https:\/\/oikosdemo.aleksirasanen.xyz\/wp-content\/uploads\/2026\/04\/DSC00256-1-1024x683.jpg 1024w, https:\/\/oikosdemo.aleksirasanen.xyz\/wp-content\/uploads\/2026\/04\/DSC00256-1-300x200.jpg 300w, https:\/\/oikosdemo.aleksirasanen.xyz\/wp-content\/uploads\/2026\/04\/DSC00256-1-768x512.jpg 768w, https:\/\/oikosdemo.aleksirasanen.xyz\/wp-content\/uploads\/2026\/04\/DSC00256-1-1536x1024.jpg 1536w, https:\/\/oikosdemo.aleksirasanen.xyz\/wp-content\/uploads\/2026\/04\/DSC00256-1-2048x1365.jpg 2048w\" sizes=\"auto, (max-width: 1024px) 100vw, 1024px\" \/><\/figure>\n<\/figure>\n<\/div>\n<\/div>\n\n\n\n<figure class=\"wp-block-image size-large\"><img loading=\"lazy\" decoding=\"async\" width=\"1024\" height=\"681\" src=\"http:\/\/oikosdemo.aleksirasanen.xyz\/wp-content\/uploads\/2026\/04\/JLFU9780-1024x681.jpg\" alt=\"\" class=\"wp-image-38\" srcset=\"https:\/\/oikosdemo.aleksirasanen.xyz\/wp-content\/uploads\/2026\/04\/JLFU9780-1024x681.jpg 1024w, https:\/\/oikosdemo.aleksirasanen.xyz\/wp-content\/uploads\/2026\/04\/JLFU9780-300x199.jpg 300w, https:\/\/oikosdemo.aleksirasanen.xyz\/wp-content\/uploads\/2026\/04\/JLFU9780-768x511.jpg 768w, https:\/\/oikosdemo.aleksirasanen.xyz\/wp-content\/uploads\/2026\/04\/JLFU9780-1536x1021.jpg 1536w, https:\/\/oikosdemo.aleksirasanen.xyz\/wp-content\/uploads\/2026\/04\/JLFU9780-2048x1362.jpg 2048w\" sizes=\"auto, (max-width: 1024px) 100vw, 1024px\" \/><\/figure>\n\n\n\n<figure class=\"wp-block-image size-large\"><img loading=\"lazy\" decoding=\"async\" width=\"1024\" height=\"681\" src=\"http:\/\/oikosdemo.aleksirasanen.xyz\/wp-content\/uploads\/2026\/04\/JLFU9900-1024x681.jpg\" alt=\"\" class=\"wp-image-39\" srcset=\"https:\/\/oikosdemo.aleksirasanen.xyz\/wp-content\/uploads\/2026\/04\/JLFU9900-1024x681.jpg 1024w, https:\/\/oikosdemo.aleksirasanen.xyz\/wp-content\/uploads\/2026\/04\/JLFU9900-300x199.jpg 300w, https:\/\/oikosdemo.aleksirasanen.xyz\/wp-content\/uploads\/2026\/04\/JLFU9900-768x511.jpg 768w, https:\/\/oikosdemo.aleksirasanen.xyz\/wp-content\/uploads\/2026\/04\/JLFU9900-1536x1021.jpg 1536w, https:\/\/oikosdemo.aleksirasanen.xyz\/wp-content\/uploads\/2026\/04\/JLFU9900-2048x1362.jpg 2048w\" sizes=\"auto, (max-width: 1024px) 100vw, 1024px\" \/><\/figure>\n\n\n\n<p><\/p>\n\n\n\n<h2 class=\"wp-block-heading\">Kuvia 2021<\/h2>\n\n\n\n<p><\/p>\n\n\n\n<div class=\"wp-block-columns is-layout-flex wp-container-core-columns-is-layout-28f84493 wp-block-columns-is-layout-flex\">\n<div class=\"wp-block-column is-layout-flow wp-block-column-is-layout-flow\" style=\"flex-basis:100%\">\n<figure class=\"wp-block-gallery has-nested-images columns-default is-cropped wp-block-gallery-5 is-layout-flex wp-block-gallery-is-layout-flex\">\n<figure class=\"wp-block-image size-large\"><img loading=\"lazy\" decoding=\"async\" width=\"683\" height=\"1024\" data-id=\"41\" src=\"http:\/\/oikosdemo.aleksirasanen.xyz\/wp-content\/uploads\/2026\/04\/DSCF8310_RAF_embedded-683x1024.jpg\" alt=\"\" class=\"wp-image-41\" srcset=\"https:\/\/oikosdemo.aleksirasanen.xyz\/wp-content\/uploads\/2026\/04\/DSCF8310_RAF_embedded-683x1024.jpg 683w, https:\/\/oikosdemo.aleksirasanen.xyz\/wp-content\/uploads\/2026\/04\/DSCF8310_RAF_embedded-200x300.jpg 200w, https:\/\/oikosdemo.aleksirasanen.xyz\/wp-content\/uploads\/2026\/04\/DSCF8310_RAF_embedded-768x1152.jpg 768w, https:\/\/oikosdemo.aleksirasanen.xyz\/wp-content\/uploads\/2026\/04\/DSCF8310_RAF_embedded-1024x1536.jpg 1024w, https:\/\/oikosdemo.aleksirasanen.xyz\/wp-content\/uploads\/2026\/04\/DSCF8310_RAF_embedded-rotated.jpg 1280w\" sizes=\"auto, (max-width: 683px) 100vw, 683px\" \/><\/figure>\n<\/figure>\n<\/div>\n<\/div>\n\n\n\n<figure class=\"wp-block-image size-large is-resized\"><img loading=\"lazy\" decoding=\"async\" width=\"683\" height=\"1024\" src=\"http:\/\/oikosdemo.aleksirasanen.xyz\/wp-content\/uploads\/2026\/04\/DSCF8345_RAF_embedded-683x1024.jpg\" alt=\"\" class=\"wp-image-44\" style=\"aspect-ratio:0.6669979570426813;width:798px;height:auto\" srcset=\"https:\/\/oikosdemo.aleksirasanen.xyz\/wp-content\/uploads\/2026\/04\/DSCF8345_RAF_embedded-683x1024.jpg 683w, https:\/\/oikosdemo.aleksirasanen.xyz\/wp-content\/uploads\/2026\/04\/DSCF8345_RAF_embedded-200x300.jpg 200w, https:\/\/oikosdemo.aleksirasanen.xyz\/wp-content\/uploads\/2026\/04\/DSCF8345_RAF_embedded-768x1152.jpg 768w, https:\/\/oikosdemo.aleksirasanen.xyz\/wp-content\/uploads\/2026\/04\/DSCF8345_RAF_embedded-1024x1536.jpg 1024w, https:\/\/oikosdemo.aleksirasanen.xyz\/wp-content\/uploads\/2026\/04\/DSCF8345_RAF_embedded-rotated.jpg 1280w\" sizes=\"auto, (max-width: 683px) 100vw, 683px\" \/><\/figure>\n\n\n\n<figure class=\"wp-block-image size-large is-resized\"><img loading=\"lazy\" decoding=\"async\" width=\"683\" height=\"1024\" src=\"http:\/\/oikosdemo.aleksirasanen.xyz\/wp-content\/uploads\/2026\/04\/DSCF8628_RAF_embedded-683x1024.jpg\" alt=\"\" class=\"wp-image-45\" style=\"width:800px;height:auto\" srcset=\"https:\/\/oikosdemo.aleksirasanen.xyz\/wp-content\/uploads\/2026\/04\/DSCF8628_RAF_embedded-683x1024.jpg 683w, https:\/\/oikosdemo.aleksirasanen.xyz\/wp-content\/uploads\/2026\/04\/DSCF8628_RAF_embedded-200x300.jpg 200w, https:\/\/oikosdemo.aleksirasanen.xyz\/wp-content\/uploads\/2026\/04\/DSCF8628_RAF_embedded-768x1152.jpg 768w, https:\/\/oikosdemo.aleksirasanen.xyz\/wp-content\/uploads\/2026\/04\/DSCF8628_RAF_embedded-1024x1536.jpg 1024w, https:\/\/oikosdemo.aleksirasanen.xyz\/wp-content\/uploads\/2026\/04\/DSCF8628_RAF_embedded-rotated.jpg 1280w\" sizes=\"auto, (max-width: 683px) 100vw, 683px\" \/><\/figure>\n\n\n\n<p><\/p>\n\n\n\n<h2 class=\"wp-block-heading\">Kuvia 2020<\/h2>\n\n\n\n<p><\/p>\n\n\n\n<div class=\"wp-block-columns is-layout-flex wp-container-core-columns-is-layout-28f84493 wp-block-columns-is-layout-flex\">\n<div class=\"wp-block-column is-layout-flow wp-block-column-is-layout-flow\" style=\"flex-basis:100%\">\n<figure class=\"wp-block-gallery has-nested-images columns-default is-cropped wp-block-gallery-6 is-layout-flex wp-block-gallery-is-layout-flex\">\n<figure class=\"wp-block-image size-large\"><img loading=\"lazy\" decoding=\"async\" width=\"1024\" height=\"683\" data-id=\"54\" src=\"http:\/\/oikosdemo.aleksirasanen.xyz\/wp-content\/uploads\/2026\/04\/JLFU9951-6-1024x683.jpg\" alt=\"\" class=\"wp-image-54\" srcset=\"https:\/\/oikosdemo.aleksirasanen.xyz\/wp-content\/uploads\/2026\/04\/JLFU9951-6-1024x683.jpg 1024w, https:\/\/oikosdemo.aleksirasanen.xyz\/wp-content\/uploads\/2026\/04\/JLFU9951-6-300x200.jpg 300w, https:\/\/oikosdemo.aleksirasanen.xyz\/wp-content\/uploads\/2026\/04\/JLFU9951-6-768x512.jpg 768w, https:\/\/oikosdemo.aleksirasanen.xyz\/wp-content\/uploads\/2026\/04\/JLFU9951-6-1536x1024.jpg 1536w, https:\/\/oikosdemo.aleksirasanen.xyz\/wp-content\/uploads\/2026\/04\/JLFU9951-6-2048x1365.jpg 2048w\" sizes=\"auto, (max-width: 1024px) 100vw, 1024px\" \/><\/figure>\n<\/figure>\n<\/div>\n<\/div>\n\n\n\n<figure class=\"wp-block-image size-large\"><img loading=\"lazy\" decoding=\"async\" width=\"1024\" height=\"683\" src=\"http:\/\/oikosdemo.aleksirasanen.xyz\/wp-content\/uploads\/2026\/04\/JLFU9788-2-1024x683.jpg\" alt=\"\" class=\"wp-image-57\" srcset=\"https:\/\/oikosdemo.aleksirasanen.xyz\/wp-content\/uploads\/2026\/04\/JLFU9788-2-1024x683.jpg 1024w, https:\/\/oikosdemo.aleksirasanen.xyz\/wp-content\/uploads\/2026\/04\/JLFU9788-2-300x200.jpg 300w, https:\/\/oikosdemo.aleksirasanen.xyz\/wp-content\/uploads\/2026\/04\/JLFU9788-2-768x512.jpg 768w, https:\/\/oikosdemo.aleksirasanen.xyz\/wp-content\/uploads\/2026\/04\/JLFU9788-2-1536x1024.jpg 1536w, https:\/\/oikosdemo.aleksirasanen.xyz\/wp-content\/uploads\/2026\/04\/JLFU9788-2-2048x1365.jpg 2048w\" sizes=\"auto, (max-width: 1024px) 100vw, 1024px\" \/><\/figure>\n\n\n\n<figure class=\"wp-block-image size-full\"><img loading=\"lazy\" decoding=\"async\" width=\"1707\" height=\"2560\" src=\"http:\/\/oikosdemo.aleksirasanen.xyz\/wp-content\/uploads\/2026\/04\/JLFU9220-5-scaled.jpg\" alt=\"\" class=\"wp-image-63\"\/><\/figure>\n","protected":false},"excerpt":{"rendered":"<p>Sivulla voisi olla jonkinlaisia kuvagallerioita joissa on kuvia esimerkiksi vuosittain, tai vuosittain ja tapahtumittain, tai pelk\u00e4st\u00e4\u00e4n tapahtumittain. Alla on vain kuvia laitettu t\u00e4ytteeksi eik\u00e4 mitenk\u00e4\u00e4n siististi, mutta antaa ideaa. Oikealla sivulla voisi olla pieni\u00e4 kuvagallerioita vaikkapa &#8220;NAP 2025&#8221;, &#8220;Patikointireissuja&#8221;, &#8220;Jumalanpalveluksia&#8221;, &#8220;Lautapeli-iltamia&#8221;, &#8220;Yhdess\u00e4 leipomista&#8221; tai mit\u00e4 tapahtumia meill\u00e4 onkaan ollut. Kuvat voisivat toimia n\u00e4ytt\u00e4m\u00e4\u00e4n millaista meid\u00e4n [&hellip;]<\/p>\n","protected":false},"author":1,"featured_media":0,"parent":0,"menu_order":0,"comment_status":"closed","ping_status":"closed","template":"","meta":{"footnotes":""},"class_list":["post-22","page","type-page","status-publish","hentry"],"_links":{"self":[{"href":"https:\/\/oikosdemo.aleksirasanen.xyz\/index.php\/wp-json\/wp\/v2\/pages\/22","targetHints":{"allow":["GET"]}}],"collection":[{"href":"https:\/\/oikosdemo.aleksirasanen.xyz\/index.php\/wp-json\/wp\/v2\/pages"}],"about":[{"href":"https:\/\/oikosdemo.aleksirasanen.xyz\/index.php\/wp-json\/wp\/v2\/types\/page"}],"author":[{"embeddable":true,"href":"https:\/\/oikosdemo.aleksirasanen.xyz\/index.php\/wp-json\/wp\/v2\/users\/1"}],"replies":[{"embeddable":true,"href":"https:\/\/oikosdemo.aleksirasanen.xyz\/index.php\/wp-json\/wp\/v2\/comments?post=22"}],"version-history":[{"count":16,"href":"https:\/\/oikosdemo.aleksirasanen.xyz\/index.php\/wp-json\/wp\/v2\/pages\/22\/revisions"}],"predecessor-version":[{"id":84,"href":"https:\/\/oikosdemo.aleksirasanen.xyz\/index.php\/wp-json\/wp\/v2\/pages\/22\/revisions\/84"}],"wp:attachment":[{"href":"https:\/\/oikosdemo.aleksirasanen.xyz\/index.php\/wp-json\/wp\/v2\/media?parent=22"}],"curies":[{"name":"wp","href":"https:\/\/api.w.org\/{rel}","templated":true}]}}